{"id":92,"date":"2024-09-04T16:13:49","date_gmt":"2024-09-04T16:13:49","guid":{"rendered":"http:\/\/silaguldemirel.com.tr\/?page_id=92"},"modified":"2024-09-06T11:59:34","modified_gmt":"2024-09-06T11:59:34","slug":"detox-sulari","status":"publish","type":"page","link":"http:\/\/silaguldemirel.com.tr\/?page_id=92","title":{"rendered":"Detoks Sular\u0131"},"content":{"rendered":"<div class=\"wp-block-image\">\n<figure class=\"alignleft size-full is-resized\"><img loading=\"lazy\" decoding=\"async\" width=\"800\" height=\"600\" src=\"http:\/\/silaguldemirel.com.tr\/wp-content\/uploads\/2024\/09\/image-1.png\" alt=\"Bu g\u00f6rselin Alt \u00f6zniteli\u011fi bo\u015f. Dosya ad\u0131: image.png\" class=\"wp-image-120\" style=\"width:457px;height:auto\" srcset=\"http:\/\/silaguldemirel.com.tr\/wp-content\/uploads\/2024\/09\/image-1.png 800w, http:\/\/silaguldemirel.com.tr\/wp-content\/uploads\/2024\/09\/image-1-300x225.png 300w, http:\/\/silaguldemirel.com.tr\/wp-content\/uploads\/2024\/09\/image-1-768x576.png 768w\" sizes=\"auto, (max-width: 800px) 100vw, 800px\" \/><\/figure>\n<\/div>\n\n\n<p><strong>Elmal\u0131 Tar\u00e7\u0131nl\u0131 Detoks<\/strong><\/p>\n\n\n\n<p style=\"text-decoration:underline\"><strong>Malzemeler:<\/strong><\/p>\n\n\n\n<ul class=\"wp-block-list\">\n<li>1 adet ince dilimlenmi\u015f ve \u00e7ekirdekleri temizlenmi\u015f elma<\/li>\n\n\n\n<li>2 adet \u00e7ubuk tar\u00e7\u0131n<\/li>\n\n\n\n<li>1 litre su<\/li>\n<\/ul>\n\n\n\n<p style=\"text-decoration:underline\"><strong>Yap\u0131l\u0131\u015f\u0131:<\/strong><\/p>\n\n\n\n<p>Bir s\u00fcrahinin i\u00e7erisine su, dilimlenmi\u015f elma ve tar\u00e7\u0131n\u0131 koyun ve kar\u0131\u015ft\u0131r\u0131n. Haz\u0131rlad\u0131\u011f\u0131n\u0131z detoks i\u00e7ece\u011fini g\u00fcn boyunca t\u00fcketin.<\/p>\n\n\n\n<p><\/p>\n\n\n\n<p><\/p>\n\n\n<div class=\"wp-block-image\">\n<figure class=\"alignleft size-full is-resized\"><img loading=\"lazy\" decoding=\"async\" width=\"800\" height=\"600\" src=\"http:\/\/silaguldemirel.com.tr\/wp-content\/uploads\/2024\/09\/image-2.png\" alt=\"\" class=\"wp-image-144\" style=\"width:439px;height:auto\" srcset=\"http:\/\/silaguldemirel.com.tr\/wp-content\/uploads\/2024\/09\/image-2.png 800w, http:\/\/silaguldemirel.com.tr\/wp-content\/uploads\/2024\/09\/image-2-300x225.png 300w, http:\/\/silaguldemirel.com.tr\/wp-content\/uploads\/2024\/09\/image-2-768x576.png 768w\" sizes=\"auto, (max-width: 800px) 100vw, 800px\" \/><\/figure>\n<\/div>\n\n\n<p><strong>Nane Ve Limon detoksu<\/strong><\/p>\n\n\n\n<p style=\"text-decoration:underline\"><strong>Malzemeler:<\/strong><\/p>\n\n\n\n<ul class=\"wp-block-list\">\n<li>1 litre su<\/li>\n\n\n\n<li>Taze nane yapraklar\u0131<\/li>\n\n\n\n<li>2 adet dilimlenmi\u015f limon<\/li>\n<\/ul>\n\n\n\n<p style=\"text-decoration:underline\"><strong>Yap\u0131l\u0131\u015f\u0131<\/strong>:<\/p>\n\n\n\n<p>S\u00fcrahinin i\u00e7erisine elinizle par\u00e7alad\u0131\u011f\u0131n\u0131z nane yapraklar\u0131, su ve dilimlenmi\u015f limonlar\u0131 ekleyin. 1-2 saat buzdolab\u0131nda beklettikten sonra i\u00e7ebilirsiniz.<\/p>\n\n\n<div class=\"wp-block-image\">\n<figure class=\"alignleft size-full is-resized\"><img loading=\"lazy\" decoding=\"async\" width=\"800\" height=\"600\" src=\"http:\/\/silaguldemirel.com.tr\/wp-content\/uploads\/2024\/09\/image-3.png\" alt=\"\" class=\"wp-image-150\" style=\"width:439px;height:auto\" srcset=\"http:\/\/silaguldemirel.com.tr\/wp-content\/uploads\/2024\/09\/image-3.png 800w, http:\/\/silaguldemirel.com.tr\/wp-content\/uploads\/2024\/09\/image-3-300x225.png 300w, http:\/\/silaguldemirel.com.tr\/wp-content\/uploads\/2024\/09\/image-3-768x576.png 768w\" sizes=\"auto, (max-width: 800px) 100vw, 800px\" \/><\/figure>\n<\/div>\n\n\n<p><strong>Portakal, Elma Ve Havu\u00e7lu Detoks<\/strong><\/p>\n\n\n\n<p style=\"text-decoration:underline\"><strong>Malzemeler:<\/strong><\/p>\n\n\n\n<ul class=\"wp-block-list\">\n<li>1 adet elma<\/li>\n\n\n\n<li>1 adet portakal<\/li>\n\n\n\n<li>1 adet havu\u00e7<\/li>\n<\/ul>\n\n\n\n<p style=\"text-decoration:underline\"><strong>Yap\u0131l\u0131\u015f\u0131:<\/strong><\/p>\n\n\n\n<p>T\u00fcm malzemeleri k\u00fc\u00e7\u00fck par\u00e7alar haline getirin ve blenderdan ge\u00e7irerek s\u0131v\u0131 bir hale getirin. Kar\u0131\u015f\u0131m\u0131 haz\u0131rlad\u0131ktan hemen sonra t\u00fcketebilirsiniz.<\/p>\n","protected":false},"excerpt":{"rendered":"<p>Elmal\u0131 Tar\u00e7\u0131nl\u0131 Detoks Malzemeler: Yap\u0131l\u0131\u015f\u0131: Bir s\u00fcrahinin i\u00e7erisine su, dilimlenmi\u015f elma ve tar\u00e7\u0131n\u0131 koyun ve kar\u0131\u015ft\u0131r\u0131n. Haz\u0131rlad\u0131\u011f\u0131n\u0131z detoks i\u00e7ece\u011fini g\u00fcn boyunca t\u00fcketin. Nane Ve Limon detoksu Malzemeler: Yap\u0131l\u0131\u015f\u0131: S\u00fcrahinin i\u00e7erisine elinizle par\u00e7alad\u0131\u011f\u0131n\u0131z nane yapraklar\u0131, su ve dilimlenmi\u015f limonlar\u0131 ekleyin. 1-2 saat buzdolab\u0131nda beklettikten sonra i\u00e7ebilirsiniz. Portakal, Elma Ve Havu\u00e7lu Detoks Malzemeler: Yap\u0131l\u0131\u015f\u0131: T\u00fcm malzemeleri k\u00fc\u00e7\u00fck &hellip; <\/p>\n","protected":false},"author":1,"featured_media":0,"parent":0,"menu_order":0,"comment_status":"closed","ping_status":"closed","template":"","meta":{"footnotes":""},"class_list":["post-92","page","type-page","status-publish","hentry"],"_links":{"self":[{"href":"http:\/\/silaguldemirel.com.tr\/index.php?rest_route=\/wp\/v2\/pages\/92","targetHints":{"allow":["GET"]}}],"collection":[{"href":"http:\/\/silaguldemirel.com.tr\/index.php?rest_route=\/wp\/v2\/pages"}],"about":[{"href":"http:\/\/silaguldemirel.com.tr\/index.php?rest_route=\/wp\/v2\/types\/page"}],"author":[{"embeddable":true,"href":"http:\/\/silaguldemirel.com.tr\/index.php?rest_route=\/wp\/v2\/users\/1"}],"replies":[{"embeddable":true,"href":"http:\/\/silaguldemirel.com.tr\/index.php?rest_route=%2Fwp%2Fv2%2Fcomments&post=92"}],"version-history":[{"count":9,"href":"http:\/\/silaguldemirel.com.tr\/index.php?rest_route=\/wp\/v2\/pages\/92\/revisions"}],"predecessor-version":[{"id":152,"href":"http:\/\/silaguldemirel.com.tr\/index.php?rest_route=\/wp\/v2\/pages\/92\/revisions\/152"}],"wp:attachment":[{"href":"http:\/\/silaguldemirel.com.tr\/index.php?rest_route=%2Fwp%2Fv2%2Fmedia&parent=92"}],"curies":[{"name":"wp","href":"https:\/\/api.w.org\/{rel}","templated":true}]}}